{"id":3,"date":"2019-01-17T11:32:31","date_gmt":"2019-01-17T11:32:31","guid":{"rendered":"https:\/\/menpf.it-sonnit.com\/dev\/sookari\/?page_id=3"},"modified":"2019-02-20T08:22:07","modified_gmt":"2019-02-20T08:22:07","slug":"privacy-policy","status":"publish","type":"page","link":"https:\/\/sookari.fi\/index.php\/privacy-policy\/","title":{"rendered":"Rekisteri- ja tietosuojaseloste"},"content":{"rendered":"\n<p>T\u00e4m\u00e4 on\u00a0Yrityksen\u00a0henkil\u00f6tietolain (10 ja 24 \u00a7) ja EU:n yleisen tietosuoja-asetuksen (GDPR) mukainen rekisteri- ja tietosuojaseloste. Laadittu\u00a030.1.2019. Viimeisin muutos\u00a020.02.2019.<\/p>\n\n\n\n<h3 class=\"wp-block-heading\">1. Rekisterinpit\u00e4j\u00e4<\/h3>\n\n\n\n<p>Linja-autoliikenne Sookari oy, Kirkkotie 176, 29100 Luvia<\/p>\n\n\n\n<h3 class=\"wp-block-heading\">2. Rekisterist\u00e4 vastaava yhteyshenkil\u00f6<\/h3>\n\n\n\n<p>Harry Sookari, matkat@sookari.fi, 0500-380 087<br><\/p>\n\n\n\n<h3 class=\"wp-block-heading\">3. Rekisterin nimi<\/h3>\n\n\n\n<p>Linja-autoliikeen Sookari oy:n asiakas- ja markkinointirekisteri.<\/p>\n\n\n\n<h3 class=\"wp-block-heading\">4. Oikeusperuste ja henkil\u00f6tietojen k\u00e4sittelyn tarkoitus<\/h3>\n\n\n\n<p>EU:n yleisen tietosuoja-asetuksen mukainen oikeusperuste henkil\u00f6tietojen k\u00e4sittelylle on<br>&#8211; henkil\u00f6n suostumus (dokumentoitu, vapaaehtoinen, yksil\u00f6ity, tietoinen ja yksiselitteinen)<br>&#8211; sopimus, jossa rekister\u00f6ity on osapuolena<br>&#8211; laki (mik\u00e4)<br>&#8211; julkisen teht\u00e4v\u00e4n hoitaminen (mihin perustuu), tai<br>&#8211; rekisterinpit\u00e4j\u00e4n oikeutettu etu (esim. asiakassuhde, ty\u00f6suhde, j\u00e4senyys).<\/p>\n\n\n\n<p>Henkil\u00f6tietojen k\u00e4sittelyn tarkoitus on&nbsp;yhteydenpito asiakkaisiin, asiakassuhteen yll\u00e4pito, markkinointi tms.<\/p>\n\n\n\n<p>Tietoja ei k\u00e4ytet\u00e4 automatisoituun p\u00e4\u00e4t\u00f6ksentekoon tai profilointiin.&nbsp;<\/p>\n\n\n\n<h3 class=\"wp-block-heading\">5. Rekisterin tietosis\u00e4lt\u00f6<\/h3>\n\n\n\n<p>Rekisteriin tallennettavia tietoja ovat:\u00a0henkil\u00f6n nimi, asema, yritys\/organisaatio, yhteystiedot (puhelinnumero, s\u00e4hk\u00f6postiosoite, osoite), www-sivustojen osoitteet, tunnukset\/profiilit sosiaalisen median palveluissa, tiedot tilatuista palveluista ja niiden muutoksista, laskutustiedot, muut asiakassuhteeseen ja tilattuihin palveluihin liittyv\u00e4t tiedot.<\/p>\n\n\n\n<p>Kerro t\u00e4ss\u00e4 my\u00f6s tietojen s\u00e4ilytysaika, mik\u00e4li mahdollista. Kerro my\u00f6s, jos tiedot esimerkiksi anonymisoidaan tietyn ajan kuluttua.<\/p>\n\n\n\n<h3 class=\"wp-block-heading\">6. S\u00e4\u00e4nn\u00f6nmukaiset tietol\u00e4hteet<\/h3>\n\n\n\n<p>Rekisteriin tallennettavat tiedot saadaan asiakkaalta mm. www-lomakkeilla l\u00e4hetetyist\u00e4 viesteist\u00e4, s\u00e4hk\u00f6postitse, puhelimitse, sosiaalisen median palvelujen kautta, sopimuksista, asiakastapaamisista ja muista tilanteista, joissa asiakas luovuttaa tietojaan.<\/p>\n\n\n\n<h3 class=\"wp-block-heading\">7. Tietojen s\u00e4\u00e4nn\u00f6nmukaiset luovutukset ja tietojen siirto EU:n tai ETA:n ulkopuolelle<\/h3>\n\n\n\n<p>Tietoja ei luovuteta s\u00e4\u00e4nn\u00f6nmukaisesti muille tahoille. Tietoja voidaan julkaista silt\u00e4 osin kuin niin on sovittu asiakkaan kanssa.<\/p>\n\n\n\n<p>Tietoja voidaan siirt\u00e4\u00e4 rekisterinpit\u00e4j\u00e4n toimesta my\u00f6s EU:n tai ETA:n ulkopuolelle.<\/p>\n\n\n\n<p>Mik\u00e4li luovutat henkil\u00f6tietoja eri tahoille, kerro t\u00e4ss\u00e4 mahdolliset vastaanottajat tai vastaanottajaryhm\u00e4t.<\/p>\n\n\n\n<h3 class=\"wp-block-heading\">8. Rekisterin suojauksen periaatteet<\/h3>\n\n\n\n<p>Rekisterin k\u00e4sittelyss\u00e4 noudatetaan huolellisuutta ja tietoj\u00e4rjestelmien avulla k\u00e4sitelt\u00e4v\u00e4t tiedot suojataan asianmukaisesti. Kun rekisteritietoja s\u00e4ilytet\u00e4\u00e4n Internet-palvelimilla, niiden laitteiston fyysisest\u00e4 ja digitaalisesta tietoturvasta huolehditaan asiaankuuluvasti. Rekisterinpit\u00e4j\u00e4 huolehtii siit\u00e4, ett\u00e4 tallennettuja tietoja sek\u00e4 palvelimien k\u00e4ytt\u00f6oikeuksia ja muita henkil\u00f6tietojen turvallisuuden kannalta kriittisi\u00e4 tietoja k\u00e4sitell\u00e4\u00e4n luottamuksellisesti ja vain niiden ty\u00f6ntekij\u00f6iden toimesta, joiden ty\u00f6nkuvaan se kuuluu.<\/p>\n\n\n\n<h3 class=\"wp-block-heading\">9. Tarkastusoikeus ja oikeus vaatia tiedon korjaamista<\/h3>\n\n\n\n<p>Jokaisella rekisteriss\u00e4 olevalla henkil\u00f6ll\u00e4 on oikeus tarkistaa rekisteriin tallennetut tietonsa ja vaatia mahdollisen virheellisen tiedon korjaamista tai puutteellisen tiedon t\u00e4ydent\u00e4mist\u00e4. Mik\u00e4li henkil\u00f6 haluaa tarkistaa h\u00e4nest\u00e4 tallennetut tiedot tai vaatia niihin oikaisua, pyynt\u00f6 tulee&nbsp;l\u00e4hett\u00e4\u00e4 kirjallisesti&nbsp;rekisterinpit\u00e4j\u00e4lle. Rekisterinpit\u00e4j\u00e4 voi pyyt\u00e4\u00e4 tarvittaessa pyynn\u00f6n esitt\u00e4j\u00e4\u00e4 todistamaan henkil\u00f6llisyytens\u00e4. Rekisterinpit\u00e4j\u00e4 vastaa asiakkaalle EU:n tietosuoja-asetuksessa s\u00e4\u00e4detyss\u00e4 ajassa (p\u00e4\u00e4s\u00e4\u00e4nt\u00f6isesti kuukauden kuluessa).<\/p>\n\n\n\n<h3 class=\"wp-block-heading\">10. Muut henkil\u00f6tietojen k\u00e4sittelyyn liittyv\u00e4t oikeudet<\/h3>\n\n\n\n<p>Rekisteriss\u00e4 olevalla henkil\u00f6ll\u00e4 on oikeus pyyt\u00e4\u00e4 h\u00e4nt\u00e4 koskevien henkil\u00f6tietojen poistamiseen rekisterist\u00e4 (&#8221;oikeus tulla unohdetuksi&#8221;). Niin ik\u00e4\u00e4n rekister\u00f6idyill\u00e4 on muut&nbsp;<a href=\"http:\/\/eur-lex.europa.eu\/legal-content\/FI\/TXT\/?uri=CELEX%3A32016R0679#d1e2144-1-1\" target=\"_blank\" rel=\"noreferrer noopener\">EU:n yleisen tietosuoja-asetuksen mukaiset oikeudet<\/a>&nbsp;kuten henkil\u00f6tietojen k\u00e4sittelyn rajoittaminen tietyiss\u00e4 tilanteissa. Pyynn\u00f6t tulee&nbsp;l\u00e4hett\u00e4\u00e4 kirjallisesti&nbsp;rekisterinpit\u00e4j\u00e4lle. Rekisterinpit\u00e4j\u00e4 voi pyyt\u00e4\u00e4 tarvittaessa pyynn\u00f6n esitt\u00e4j\u00e4\u00e4 todistamaan henkil\u00f6llisyytens\u00e4. Rekisterinpit\u00e4j\u00e4 vastaa asiakkaalle EU:n tietosuoja-asetuksessa s\u00e4\u00e4detyss\u00e4 ajassa (p\u00e4\u00e4s\u00e4\u00e4nt\u00f6isesti kuukauden kuluessa).<\/p>\n","protected":false},"excerpt":{"rendered":"<p>T\u00e4m\u00e4 on\u00a0Yrityksen\u00a0henkil\u00f6tietolain (10 ja 24 \u00a7) ja EU:n yleisen tietosuoja-asetuksen (GDPR) mukainen rekisteri- ja tietosuojaseloste. Laadittu\u00a030.1.2019. Viimeisin muutos\u00a020.02.2019. 1. Rekisterinpit\u00e4j\u00e4 Linja-autoliikenne Sookari oy, Kirkkotie 176, 29100 Luvia 2. Rekisterist\u00e4 vastaava yhteyshenkil\u00f6 Harry Sookari, matkat@sookari.fi, 0500-380 087 3. Rekisterin nimi Linja-autoliikeen Sookari oy:n asiakas- ja markkinointirekisteri. 4. Oikeusperuste ja henkil\u00f6tietojen k\u00e4sittelyn tarkoitus EU:n yleisen tietosuoja-asetuksen mukainen [&hellip;]<\/p>\n","protected":false},"author":1,"featured_media":0,"parent":0,"menu_order":0,"comment_status":"closed","ping_status":"closed","template":"","meta":{"footnotes":""},"class_list":["post-3","page","type-page","status-publish","hentry"],"_links":{"self":[{"href":"https:\/\/sookari.fi\/index.php\/wp-json\/wp\/v2\/pages\/3","targetHints":{"allow":["GET"]}}],"collection":[{"href":"https:\/\/sookari.fi\/index.php\/wp-json\/wp\/v2\/pages"}],"about":[{"href":"https:\/\/sookari.fi\/index.php\/wp-json\/wp\/v2\/types\/page"}],"author":[{"embeddable":true,"href":"https:\/\/sookari.fi\/index.php\/wp-json\/wp\/v2\/users\/1"}],"replies":[{"embeddable":true,"href":"https:\/\/sookari.fi\/index.php\/wp-json\/wp\/v2\/comments?post=3"}],"version-history":[{"count":3,"href":"https:\/\/sookari.fi\/index.php\/wp-json\/wp\/v2\/pages\/3\/revisions"}],"predecessor-version":[{"id":135,"href":"https:\/\/sookari.fi\/index.php\/wp-json\/wp\/v2\/pages\/3\/revisions\/135"}],"wp:attachment":[{"href":"https:\/\/sookari.fi\/index.php\/wp-json\/wp\/v2\/media?parent=3"}],"curies":[{"name":"wp","href":"https:\/\/api.w.org\/{rel}","templated":true}]}}