{"id":26,"date":"2019-01-20T15:25:41","date_gmt":"2019-01-20T15:25:41","guid":{"rendered":"https:\/\/menpf.it-sonnit.com\/dev\/sookari\/?page_id=26"},"modified":"2020-08-10T17:09:15","modified_gmt":"2020-08-10T17:09:15","slug":"etusivu","status":"publish","type":"page","link":"https:\/\/sookari.fi\/index.php\/etusivu\/","title":{"rendered":"Linja-autoliikenne Sookari Oy"},"content":{"rendered":"\n<p class=\"has-text-align-center\"><strong>Turvallista matkaa jo vuodesta 1924<\/strong><\/p>\n\n\n\n<p>Tarjoamme tilausliikennepalveluja monipuolisiin tarpeisiin. Liikenn\u00f6imme p\u00e4\u00e4s\u00e4\u00e4nt\u00f6isesti Satakunnassa. Tilausajoliikennett\u00e4 tarjoamme koko Suomessa ja ulkomailla.<\/p>\n","protected":false},"excerpt":{"rendered":"<p>Turvallista matkaa jo vuodesta 1924 Tarjoamme tilausliikennepalveluja monipuolisiin tarpeisiin. Liikenn\u00f6imme p\u00e4\u00e4s\u00e4\u00e4nt\u00f6isesti Satakunnassa. Tilausajoliikennett\u00e4 tarjoamme koko Suomessa ja ulkomailla.<\/p>\n","protected":false},"author":1,"featured_media":0,"parent":0,"menu_order":0,"comment_status":"closed","ping_status":"closed","template":"home-page.php","meta":{"footnotes":""},"class_list":["post-26","page","type-page","status-publish","hentry"],"_links":{"self":[{"href":"https:\/\/sookari.fi\/index.php\/wp-json\/wp\/v2\/pages\/26","targetHints":{"allow":["GET"]}}],"collection":[{"href":"https:\/\/sookari.fi\/index.php\/wp-json\/wp\/v2\/pages"}],"about":[{"href":"https:\/\/sookari.fi\/index.php\/wp-json\/wp\/v2\/types\/page"}],"author":[{"embeddable":true,"href":"https:\/\/sookari.fi\/index.php\/wp-json\/wp\/v2\/users\/1"}],"replies":[{"embeddable":true,"href":"https:\/\/sookari.fi\/index.php\/wp-json\/wp\/v2\/comments?post=26"}],"version-history":[{"count":9,"href":"https:\/\/sookari.fi\/index.php\/wp-json\/wp\/v2\/pages\/26\/revisions"}],"predecessor-version":[{"id":366,"href":"https:\/\/sookari.fi\/index.php\/wp-json\/wp\/v2\/pages\/26\/revisions\/366"}],"wp:attachment":[{"href":"https:\/\/sookari.fi\/index.php\/wp-json\/wp\/v2\/media?parent=26"}],"curies":[{"name":"wp","href":"https:\/\/api.w.org\/{rel}","templated":true}]}}