{"id":14,"date":"2019-01-20T15:21:22","date_gmt":"2019-01-20T15:21:22","guid":{"rendered":"https:\/\/menpf.it-sonnit.com\/dev\/sookari\/?page_id=14"},"modified":"2019-02-19T18:26:55","modified_gmt":"2019-02-19T18:26:55","slug":"matkat","status":"publish","type":"page","link":"https:\/\/sookari.fi\/index.php\/matkat\/","title":{"rendered":"Matkat"},"content":{"rendered":"\n<p>Ostosmatkat ovat n\u00e4ht\u00e4viss\u00e4 facebook sivullamme:<br><a href=\"https:\/\/www.facebook.com\/sookari.fi\">https:\/\/www.facebook.com\/sookari.fi<\/a>. <br>Ilmoittautumiset ja tiedustelut p 0500 380 087.<\/p>\n\n\n<p>[custom-facebook-feed]<\/p>\n\n\n\n<p><\/p>\n\n\n\n<p><strong>Tilausajot<\/strong><\/p>\n\n\n\n<p>Kysy meilt\u00e4 tarjous, kun tarvitset tilausajoa:<br><\/p>\n\n\n\n<ul class=\"wp-block-list\"><li>Luokkaretket<\/li><li>Ostosmatkat<\/li><li>Teatterimatkat<\/li><li>Messumatkat<\/li><li>Opintomatkat<\/li><li>N\u00e4yttelymatkat<\/li><li>Kiertoajelut<\/li><\/ul>\n","protected":false},"excerpt":{"rendered":"<p>Ostosmatkat ovat n\u00e4ht\u00e4viss\u00e4 facebook sivullamme:https:\/\/www.facebook.com\/sookari.fi. Ilmoittautumiset ja tiedustelut p 0500 380 087. Tilausajot Kysy meilt\u00e4 tarjous, kun tarvitset tilausajoa: Luokkaretket Ostosmatkat Teatterimatkat Messumatkat Opintomatkat N\u00e4yttelymatkat Kiertoajelut<\/p>\n","protected":false},"author":1,"featured_media":77,"parent":0,"menu_order":0,"comment_status":"closed","ping_status":"closed","template":"","meta":{"footnotes":""},"class_list":["post-14","page","type-page","status-publish","has-post-thumbnail","hentry"],"_links":{"self":[{"href":"https:\/\/sookari.fi\/index.php\/wp-json\/wp\/v2\/pages\/14","targetHints":{"allow":["GET"]}}],"collection":[{"href":"https:\/\/sookari.fi\/index.php\/wp-json\/wp\/v2\/pages"}],"about":[{"href":"https:\/\/sookari.fi\/index.php\/wp-json\/wp\/v2\/types\/page"}],"author":[{"embeddable":true,"href":"https:\/\/sookari.fi\/index.php\/wp-json\/wp\/v2\/users\/1"}],"replies":[{"embeddable":true,"href":"https:\/\/sookari.fi\/index.php\/wp-json\/wp\/v2\/comments?post=14"}],"version-history":[{"count":5,"href":"https:\/\/sookari.fi\/index.php\/wp-json\/wp\/v2\/pages\/14\/revisions"}],"predecessor-version":[{"id":104,"href":"https:\/\/sookari.fi\/index.php\/wp-json\/wp\/v2\/pages\/14\/revisions\/104"}],"wp:featuredmedia":[{"embeddable":true,"href":"https:\/\/sookari.fi\/index.php\/wp-json\/wp\/v2\/media\/77"}],"wp:attachment":[{"href":"https:\/\/sookari.fi\/index.php\/wp-json\/wp\/v2\/media?parent=14"}],"curies":[{"name":"wp","href":"https:\/\/api.w.org\/{rel}","templated":true}]}}